{"id":443,"date":"2025-06-22T19:33:39","date_gmt":"2025-06-22T19:33:39","guid":{"rendered":"https:\/\/ascensus.com.br\/?page_id=443"},"modified":"2025-08-11T02:32:47","modified_gmt":"2025-08-11T02:32:47","slug":"canal-de-denuncia","status":"publish","type":"page","link":"https:\/\/ascensus.com.br\/esp\/canal-de-denuncia\/","title":{"rendered":"Canal de Den\u00fancia"},"content":{"rendered":"<div data-elementor-type=\"wp-page\" data-elementor-id=\"443\" class=\"elementor elementor-443\" data-elementor-post-type=\"page\">\n\t\t\t\t<div class=\"elementor-element elementor-element-72c9f5c e-flex e-con-boxed e-con e-parent\" data-id=\"72c9f5c\" data-element_type=\"container\" data-settings=\"{&quot;background_background&quot;:&quot;classic&quot;,&quot;background_motion_fx_motion_fx_scrolling&quot;:&quot;yes&quot;,&quot;background_motion_fx_devices&quot;:[&quot;desktop&quot;,&quot;tablet&quot;,&quot;mobile&quot;]}\">\n\t\t\t\t\t<div class=\"e-con-inner\">\n\t\t\t\t<div class=\"elementor-element elementor-element-ab818e8 elementor-widget elementor-widget-spacer\" data-id=\"ab818e8\" data-element_type=\"widget\" data-widget_type=\"spacer.default\">\n\t\t\t\t<div class=\"elementor-widget-container\">\n\t\t\t\t\t\t\t<div class=\"elementor-spacer\">\n\t\t\t<div class=\"elementor-spacer-inner\"><\/div>\n\t\t<\/div>\n\t\t\t\t\t\t<\/div>\n\t\t\t\t<\/div>\n\t\t<div class=\"elementor-element elementor-element-94a2f09 e-con-full e-flex e-con e-child\" data-id=\"94a2f09\" data-element_type=\"container\">\n\t\t<div class=\"elementor-element elementor-element-c96227e e-con-full e-flex e-con e-child\" data-id=\"c96227e\" data-element_type=\"container\">\n\t\t\t\t<div class=\"elementor-element elementor-element-d192351 elementor-widget elementor-widget-heading\" data-id=\"d192351\" data-element_type=\"widget\" data-widget_type=\"heading.default\">\n\t\t\t\t<div class=\"elementor-widget-container\">\n\t\t\t\t\t<h2 class=\"elementor-heading-title elementor-size-default\">CANAL DE DEN\u00daNCIA<\/h2>\t\t\t\t<\/div>\n\t\t\t\t<\/div>\n\t\t\t\t<\/div>\n\t\t\t\t<\/div>\n\t\t\t\t\t<\/div>\n\t\t\t\t<\/div>\n\t\t<div class=\"elementor-element elementor-element-297055f e-flex e-con-boxed e-con e-parent\" data-id=\"297055f\" data-element_type=\"container\" data-settings=\"{&quot;background_background&quot;:&quot;classic&quot;}\">\n\t\t\t\t\t<div class=\"e-con-inner\">\n\t\t\t\t<div class=\"elementor-element elementor-element-28f1673 elementor-widget elementor-widget-text-editor\" data-id=\"28f1673\" data-element_type=\"widget\" data-widget_type=\"text-editor.default\">\n\t\t\t\t<div class=\"elementor-widget-container\">\n\t\t\t\t\t\t\t\t\t<p>Este canal es exclusivo para denunciar comportamientos que vulneren la \u00e9tica, la legislaci\u00f3n o las directrices de nuestro C\u00f3digo de Conducta. Su identidad se mantendr\u00e1 confidencial y toda la informaci\u00f3n se tratar\u00e1 con estricta confidencialidad.<\/p>\t\t\t\t\t\t\t\t<\/div>\n\t\t\t\t<\/div>\n\t\t<div class=\"elementor-element elementor-element-5453db1 e-con-full e-flex e-con e-child\" data-id=\"5453db1\" data-element_type=\"container\">\n\t\t<div class=\"elementor-element elementor-element-a156017 e-con-full e-flex e-con e-child\" data-id=\"a156017\" data-element_type=\"container\">\n\t\t\t\t<div class=\"elementor-element elementor-element-9a80aef elementor-hidden-desktop elementor-hidden-tablet elementor-widget elementor-widget-image\" data-id=\"9a80aef\" data-element_type=\"widget\" data-widget_type=\"image.default\">\n\t\t\t\t<div class=\"elementor-widget-container\">\n\t\t\t\t\t\t\t\t\t\t\t\t\t\t\t<img fetchpriority=\"high\" decoding=\"async\" width=\"800\" height=\"800\" src=\"https:\/\/ascensus.com.br\/wp-content\/uploads\/2025\/08\/OIUFKE0-1024x1024.jpg\" class=\"attachment-large size-large wp-image-3242\" alt=\"\" srcset=\"https:\/\/ascensus.com.br\/wp-content\/uploads\/2025\/08\/OIUFKE0-1024x1024.jpg 1024w, https:\/\/ascensus.com.br\/wp-content\/uploads\/2025\/08\/OIUFKE0-300x300.jpg 300w, https:\/\/ascensus.com.br\/wp-content\/uploads\/2025\/08\/OIUFKE0-150x150.jpg 150w, https:\/\/ascensus.com.br\/wp-content\/uploads\/2025\/08\/OIUFKE0-768x768.jpg 768w, https:\/\/ascensus.com.br\/wp-content\/uploads\/2025\/08\/OIUFKE0-1536x1536.jpg 1536w, https:\/\/ascensus.com.br\/wp-content\/uploads\/2025\/08\/OIUFKE0-2048x2048.jpg 2048w, https:\/\/ascensus.com.br\/wp-content\/uploads\/2025\/08\/OIUFKE0-12x12.jpg 12w\" sizes=\"(max-width: 800px) 100vw, 800px\" \/>\t\t\t\t\t\t\t\t\t\t\t\t\t\t\t<\/div>\n\t\t\t\t<\/div>\n\t\t\t\t<div class=\"elementor-element elementor-element-9ecfc93 elementor-view-default elementor-widget elementor-widget-icon\" data-id=\"9ecfc93\" data-element_type=\"widget\" data-widget_type=\"icon.default\">\n\t\t\t\t<div class=\"elementor-widget-container\">\n\t\t\t\t\t\t\t<div class=\"elementor-icon-wrapper\">\n\t\t\t<div class=\"elementor-icon\">\n\t\t\t<svg aria-hidden=\"true\" class=\"e-font-icon-svg e-fas-question-circle\" viewbox=\"0 0 512 512\" xmlns=\"http:\/\/www.w3.org\/2000\/svg\"><path d=\"M504 256c0 136.997-111.043 248-248 248S8 392.997 8 256C8 119.083 119.043 8 256 8s248 111.083 248 248zM262.655 90c-54.497 0-89.255 22.957-116.549 63.758-3.536 5.286-2.353 12.415 2.715 16.258l34.699 26.31c5.205 3.947 12.621 3.008 16.665-2.122 17.864-22.658 30.113-35.797 57.303-35.797 20.429 0 45.698 13.148 45.698 32.958 0 14.976-12.363 22.667-32.534 33.976C247.128 238.528 216 254.941 216 296v4c0 6.627 5.373 12 12 12h56c6.627 0 12-5.373 12-12v-1.333c0-28.462 83.186-29.647 83.186-106.667 0-58.002-60.165-102-116.531-102zM256 338c-25.365 0-46 20.635-46 46 0 25.364 20.635 46 46 46s46-20.636 46-46c0-25.365-20.635-46-46-46z\"><\/path><\/svg>\t\t\t<\/div>\n\t\t<\/div>\n\t\t\t\t\t\t<\/div>\n\t\t\t\t<\/div>\n\t\t\t\t<div class=\"elementor-element elementor-element-4456570 elementor-widget elementor-widget-heading\" data-id=\"4456570\" data-element_type=\"widget\" data-widget_type=\"heading.default\">\n\t\t\t\t<div class=\"elementor-widget-container\">\n\t\t\t\t\t<h2 class=\"elementor-heading-title elementor-size-default\">C\u00f3mo funciona<\/h2>\t\t\t\t<\/div>\n\t\t\t\t<\/div>\n\t\t\t\t<div class=\"elementor-element elementor-element-9714a91 elementor-widget elementor-widget-text-editor\" data-id=\"9714a91\" data-element_type=\"widget\" data-widget_type=\"text-editor.default\">\n\t\t\t\t<div class=\"elementor-widget-container\">\n\t\t\t\t\t\t\t\t\t<p>El canal de denuncias del Grupo Ascensus es una herramienta segura y confidencial para informar de pr\u00e1cticas irregulares como fraude, acoso, discriminaci\u00f3n, corrupci\u00f3n y otras situaciones que violen nuestros principios y valores.<\/p><p>Todos los informes se analizan de forma responsable e imparcial. Si lo desea, puede identificarse o permanecer en el anonimato.<\/p>\t\t\t\t\t\t\t\t<\/div>\n\t\t\t\t<\/div>\n\t\t\t\t<div class=\"elementor-element elementor-element-24c1895 elementor-button-align-stretch elementor-widget elementor-widget-form\" data-id=\"24c1895\" data-element_type=\"widget\" data-settings=\"{&quot;step_next_label&quot;:&quot;Next&quot;,&quot;step_previous_label&quot;:&quot;Previous&quot;,&quot;button_width&quot;:&quot;100&quot;,&quot;step_type&quot;:&quot;number_text&quot;,&quot;step_icon_shape&quot;:&quot;circle&quot;}\" data-widget_type=\"form.default\">\n\t\t\t\t<div class=\"elementor-widget-container\">\n\t\t\t\t\t\t\t<form class=\"elementor-form\" method=\"post\" name=\"New Form\" action=\"\">\n\t\t\t<input type=\"hidden\" name=\"post_id\" value=\"443\"\/>\n\t\t\t<input type=\"hidden\" name=\"form_id\" value=\"24c1895\"\/>\n\t\t\t<input type=\"hidden\" name=\"referer_title\" value=\"Canal de Den\u00fancia\" \/>\n\n\t\t\t\t\t\t\t<input type=\"hidden\" name=\"queried_id\" value=\"443\"\/>\n\t\t\t\n\t\t\t<div class=\"elementor-form-fields-wrapper elementor-labels-above\">\n\t\t\t\t\t\t\t\t<div class=\"elementor-field-type-acceptance elementor-field-group elementor-column elementor-field-group-message elementor-col-100 elementor-field-required\">\n\t\t\t\t\t\t\t<div class=\"elementor-field-subgroup\">\n\t\t\t<span class=\"elementor-field-option\">\n\t\t\t\t<input type=\"checkbox\" name=\"form_fields[message]\" id=\"form-field-message\" class=\"elementor-field elementor-size-sm  elementor-acceptance-field\" required=\"required\">\n\t\t\t\t<label for=\"form-field-message\">Declaro que estoy de acuerdo con \n<a href=\"https:\/\/ascensus.com.br\/wp-content\/uploads\/2025\/08\/Politica-de-Privacidade-e-Dados-Pessoais.-1.pdf\" target=\"_blank\"><u>Pol\u00edtica de Privacidade e Dados Pessoais<\/u><\/a> \ny con el \n<a href=\"https:\/\/ascensus.com.br\/wp-content\/uploads\/2025\/08\/Codigo-de-Conduta-e-Etica.pdf\" target=\"_blank\"><u>C\u00f3digo de Conducta y \u00c9tica<\/u><\/a>.\n<\/label>\t\t\t<\/span>\n\t\t<\/div>\n\t\t\t\t\t\t<\/div>\n\t\t\t\t\t\t\t\t<div class=\"elementor-field-group elementor-column elementor-field-type-submit elementor-col-100 e-form__buttons\">\n\t\t\t\t\t<button class=\"elementor-button elementor-size-sm\" type=\"submit\">\n\t\t\t\t\t\t<span class=\"elementor-button-content-wrapper\">\n\t\t\t\t\t\t\t\t\t\t\t\t\t\t\t\t\t\t\t\t\t\t<span class=\"elementor-button-text\">Presente su denuncia<\/span>\n\t\t\t\t\t\t\t\t\t\t\t\t\t<\/span>\n\t\t\t\t\t<\/button>\n\t\t\t\t<\/div>\n\t\t\t<\/div>\n\t\t<input type=\"hidden\" name=\"trp-form-language\" value=\"esp\"\/><\/form>\n\t\t\t\t\t\t<\/div>\n\t\t\t\t<\/div>\n\t\t\t\t<\/div>\n\t\t<div class=\"elementor-element elementor-element-0d7ce28 e-con-full e-flex e-con e-child\" data-id=\"0d7ce28\" data-element_type=\"container\">\n\t\t\t\t<div class=\"elementor-element elementor-element-d8e17d9 elementor-hidden-mobile elementor-widget elementor-widget-image\" data-id=\"d8e17d9\" data-element_type=\"widget\" data-widget_type=\"image.default\">\n\t\t\t\t<div class=\"elementor-widget-container\">\n\t\t\t\t\t\t\t\t\t\t\t\t\t\t\t<img fetchpriority=\"high\" decoding=\"async\" width=\"800\" height=\"800\" src=\"https:\/\/ascensus.com.br\/wp-content\/uploads\/2025\/08\/OIUFKE0-1024x1024.jpg\" class=\"attachment-large size-large wp-image-3242\" alt=\"\" srcset=\"https:\/\/ascensus.com.br\/wp-content\/uploads\/2025\/08\/OIUFKE0-1024x1024.jpg 1024w, https:\/\/ascensus.com.br\/wp-content\/uploads\/2025\/08\/OIUFKE0-300x300.jpg 300w, https:\/\/ascensus.com.br\/wp-content\/uploads\/2025\/08\/OIUFKE0-150x150.jpg 150w, https:\/\/ascensus.com.br\/wp-content\/uploads\/2025\/08\/OIUFKE0-768x768.jpg 768w, https:\/\/ascensus.com.br\/wp-content\/uploads\/2025\/08\/OIUFKE0-1536x1536.jpg 1536w, https:\/\/ascensus.com.br\/wp-content\/uploads\/2025\/08\/OIUFKE0-2048x2048.jpg 2048w, https:\/\/ascensus.com.br\/wp-content\/uploads\/2025\/08\/OIUFKE0-12x12.jpg 12w\" sizes=\"(max-width: 800px) 100vw, 800px\" \/>\t\t\t\t\t\t\t\t\t\t\t\t\t\t\t<\/div>\n\t\t\t\t<\/div>\n\t\t\t\t<\/div>\n\t\t\t\t<\/div>\n\t\t\t\t<div class=\"elementor-element elementor-element-e35cb4c elementor-widget elementor-widget-spacer\" data-id=\"e35cb4c\" data-element_type=\"widget\" data-widget_type=\"spacer.default\">\n\t\t\t\t<div class=\"elementor-widget-container\">\n\t\t\t\t\t\t\t<div class=\"elementor-spacer\">\n\t\t\t<div class=\"elementor-spacer-inner\"><\/div>\n\t\t<\/div>\n\t\t\t\t\t\t<\/div>\n\t\t\t\t<\/div>\n\t\t\t\t\t<\/div>\n\t\t\t\t<\/div>\n\t\t\t\t<\/div>","protected":false},"excerpt":{"rendered":"<p>CANAL DE DEN\u00daNCIA Este canal \u00e9 exclusivo para o envio de den\u00fancias sobre condutas que violem a \u00e9tica, a legisla\u00e7\u00e3o ou as diretrizes do nosso C\u00f3digo de Conduta. Sua identidade ser\u00e1 mantida sob sigilo, e todas as informa\u00e7\u00f5es ser\u00e3o tratadas com total confidencialidade. Como Funciona O canal de den\u00fancias do Ascensus Group \u00e9 uma ferramenta [&hellip;]<\/p>","protected":false},"author":3,"featured_media":0,"parent":0,"menu_order":0,"comment_status":"closed","ping_status":"closed","template":"elementor_header_footer","meta":{"_joinchat":[],"footnotes":""},"class_list":["post-443","page","type-page","status-publish","hentry"],"_links":{"self":[{"href":"https:\/\/ascensus.com.br\/esp\/wp-json\/wp\/v2\/pages\/443","targetHints":{"allow":["GET"]}}],"collection":[{"href":"https:\/\/ascensus.com.br\/esp\/wp-json\/wp\/v2\/pages"}],"about":[{"href":"https:\/\/ascensus.com.br\/esp\/wp-json\/wp\/v2\/types\/page"}],"author":[{"embeddable":true,"href":"https:\/\/ascensus.com.br\/esp\/wp-json\/wp\/v2\/users\/3"}],"replies":[{"embeddable":true,"href":"https:\/\/ascensus.com.br\/esp\/wp-json\/wp\/v2\/comments?post=443"}],"version-history":[{"count":64,"href":"https:\/\/ascensus.com.br\/esp\/wp-json\/wp\/v2\/pages\/443\/revisions"}],"predecessor-version":[{"id":3497,"href":"https:\/\/ascensus.com.br\/esp\/wp-json\/wp\/v2\/pages\/443\/revisions\/3497"}],"wp:attachment":[{"href":"https:\/\/ascensus.com.br\/esp\/wp-json\/wp\/v2\/media?parent=443"}],"curies":[{"name":"wp","href":"https:\/\/api.w.org\/{rel}","templated":true}]}}