{"id":387,"date":"2025-06-22T19:03:13","date_gmt":"2025-06-22T19:03:13","guid":{"rendered":"https:\/\/ascensus.com.br\/?page_id=387"},"modified":"2025-07-20T01:00:43","modified_gmt":"2025-07-20T01:00:43","slug":"materiais","status":"publish","type":"page","link":"https:\/\/ascensus.com.br\/esp\/materiais\/","title":{"rendered":"Materiais"},"content":{"rendered":"<div data-elementor-type=\"wp-page\" data-elementor-id=\"387\" class=\"elementor elementor-387\" data-elementor-post-type=\"page\">\n\t\t\t\t<div class=\"elementor-element elementor-element-a4556aa e-flex e-con-boxed e-con e-parent\" data-id=\"a4556aa\" data-element_type=\"container\" data-settings=\"{&quot;background_background&quot;:&quot;classic&quot;,&quot;background_motion_fx_motion_fx_scrolling&quot;:&quot;yes&quot;,&quot;background_motion_fx_devices&quot;:[&quot;desktop&quot;,&quot;tablet&quot;,&quot;mobile&quot;]}\">\n\t\t\t\t\t<div class=\"e-con-inner\">\n\t\t\t\t<div class=\"elementor-element elementor-element-35c2b93 elementor-widget elementor-widget-spacer\" data-id=\"35c2b93\" data-element_type=\"widget\" data-widget_type=\"spacer.default\">\n\t\t\t\t<div class=\"elementor-widget-container\">\n\t\t\t\t\t\t\t<div class=\"elementor-spacer\">\n\t\t\t<div class=\"elementor-spacer-inner\"><\/div>\n\t\t<\/div>\n\t\t\t\t\t\t<\/div>\n\t\t\t\t<\/div>\n\t\t<div class=\"elementor-element elementor-element-bab2c1e e-con-full e-flex e-con e-child\" data-id=\"bab2c1e\" data-element_type=\"container\">\n\t\t<div class=\"elementor-element elementor-element-b728d4c e-con-full e-flex e-con e-child\" data-id=\"b728d4c\" data-element_type=\"container\">\n\t\t\t\t<div class=\"elementor-element elementor-element-a0dfb8f elementor-widget elementor-widget-heading\" data-id=\"a0dfb8f\" data-element_type=\"widget\" data-widget_type=\"heading.default\">\n\t\t\t\t<div class=\"elementor-widget-container\">\n\t\t\t\t\t<h2 class=\"elementor-heading-title elementor-size-default\">MATERIAIS<\/h2>\t\t\t\t<\/div>\n\t\t\t\t<\/div>\n\t\t\t\t<div class=\"elementor-element elementor-element-19b6149 elementor-widget elementor-widget-text-editor\" data-id=\"19b6149\" data-element_type=\"widget\" data-widget_type=\"text-editor.default\">\n\t\t\t\t<div class=\"elementor-widget-container\">\n\t\t\t\t\t\t\t\t\t<p>Aprofunde seu conhecimento com nossos materiais exclusivos. Fa\u00e7a o download gratuito dos nossos e-books, infogr\u00e1ficos e apresenta\u00e7\u00f5es.<\/p>\t\t\t\t\t\t\t\t<\/div>\n\t\t\t\t<\/div>\n\t\t\t\t<\/div>\n\t\t<div class=\"elementor-element elementor-element-167257d e-con-full e-flex e-con e-child\" data-id=\"167257d\" data-element_type=\"container\">\n\t\t\t\t<\/div>\n\t\t\t\t<\/div>\n\t\t\t\t\t<\/div>\n\t\t\t\t<\/div>\n\t\t<div class=\"elementor-element elementor-element-18a8402 e-con-full e-flex e-con e-child\" data-id=\"18a8402\" data-element_type=\"container\" data-settings=\"{&quot;background_background&quot;:&quot;classic&quot;}\">\n\t\t<div class=\"elementor-element elementor-element-51623cb e-con-full e-flex e-con e-child\" data-id=\"51623cb\" data-element_type=\"container\">\n\t\t\t\t<div class=\"elementor-element elementor-element-16686eb elementor-widget-mobile__width-auto elementor-widget elementor-widget-button\" data-id=\"16686eb\" data-element_type=\"widget\" data-widget_type=\"button.default\">\n\t\t\t\t<div class=\"elementor-widget-container\">\n\t\t\t\t\t\t\t\t\t<div class=\"elementor-button-wrapper\">\n\t\t\t\t\t<a class=\"elementor-button elementor-button-link elementor-size-sm\" href=\"https:\/\/ascensus.com.br\/esp\/blog\/\">\n\t\t\t\t\t\t<span class=\"elementor-button-content-wrapper\">\n\t\t\t\t\t\t\t\t\t<span class=\"elementor-button-text\">Blog<\/span>\n\t\t\t\t\t<\/span>\n\t\t\t\t\t<\/a>\n\t\t\t\t<\/div>\n\t\t\t\t\t\t\t\t<\/div>\n\t\t\t\t<\/div>\n\t\t\t\t<div class=\"elementor-element elementor-element-92dc0da elementor-widget-mobile__width-auto elementor-widget elementor-widget-button\" data-id=\"92dc0da\" data-element_type=\"widget\" data-widget_type=\"button.default\">\n\t\t\t\t<div class=\"elementor-widget-container\">\n\t\t\t\t\t\t\t\t\t<div class=\"elementor-button-wrapper\">\n\t\t\t\t\t<a class=\"elementor-button elementor-button-link elementor-size-sm\" href=\"https:\/\/ascensus.com.br\/esp\/imprensa\/\">\n\t\t\t\t\t\t<span class=\"elementor-button-content-wrapper\">\n\t\t\t\t\t\t\t\t\t<span class=\"elementor-button-text\">Prensa<\/span>\n\t\t\t\t\t<\/span>\n\t\t\t\t\t<\/a>\n\t\t\t\t<\/div>\n\t\t\t\t\t\t\t\t<\/div>\n\t\t\t\t<\/div>\n\t\t\t\t<div class=\"elementor-element elementor-element-d9afb0b elementor-widget-mobile__width-auto elementor-widget elementor-widget-button\" data-id=\"d9afb0b\" data-element_type=\"widget\" data-widget_type=\"button.default\">\n\t\t\t\t<div class=\"elementor-widget-container\">\n\t\t\t\t\t\t\t\t\t<div class=\"elementor-button-wrapper\">\n\t\t\t\t\t<a class=\"elementor-button elementor-button-link elementor-size-sm\" href=\"https:\/\/ascensus.com.br\/esp\/materiais\/\">\n\t\t\t\t\t\t<span class=\"elementor-button-content-wrapper\">\n\t\t\t\t\t\t\t\t\t<span class=\"elementor-button-text\">Materiais<\/span>\n\t\t\t\t\t<\/span>\n\t\t\t\t\t<\/a>\n\t\t\t\t<\/div>\n\t\t\t\t\t\t\t\t<\/div>\n\t\t\t\t<\/div>\n\t\t\t\t<\/div>\n\t\t<div class=\"elementor-element elementor-element-313b64f e-con-full elementor-hidden-mobile e-flex e-con e-child\" data-id=\"313b64f\" data-element_type=\"container\">\n\t\t\t\t<div class=\"elementor-element elementor-element-69eba30 elementor-widget elementor-widget-spacer\" data-id=\"69eba30\" data-element_type=\"widget\" data-widget_type=\"spacer.default\">\n\t\t\t\t<div class=\"elementor-widget-container\">\n\t\t\t\t\t\t\t<div class=\"elementor-spacer\">\n\t\t\t<div class=\"elementor-spacer-inner\"><\/div>\n\t\t<\/div>\n\t\t\t\t\t\t<\/div>\n\t\t\t\t<\/div>\n\t\t\t\t<\/div>\n\t\t<div class=\"elementor-element elementor-element-96a0019 e-con-full e-flex e-con e-child\" data-id=\"96a0019\" data-element_type=\"container\">\n\t\t\t\t<div class=\"elementor-element elementor-element-2be173a elementor-widget elementor-widget-search\" data-id=\"2be173a\" data-element_type=\"widget\" data-settings=\"{&quot;submit_trigger&quot;:&quot;key_enter&quot;,&quot;pagination_type_options&quot;:&quot;none&quot;}\" data-widget_type=\"search.default\">\n\t\t\t\t<div class=\"elementor-widget-container\">\n\t\t\t\t\t\t\t<search class=\"e-search hidden\" role=\"search\">\n\t\t\t<form class=\"e-search-form\" action=\"https:\/\/ascensus.com.br\/esp\/\" method=\"get\" data-trp-original-action=\"https:\/\/ascensus.com.br\/esp\">\n\n\t\t\t\t\n\t\t\t\t<label class=\"e-search-label\" for=\"search-2be173a\">\n\t\t\t\t\t<span class=\"elementor-screen-only\">\n\t\t\t\t\t\tBuscar\t\t\t\t\t<\/span>\n\t\t\t\t\t\t\t\t\t<\/label>\n\n\t\t\t\t<div class=\"e-search-input-wrapper\">\n\t\t\t\t\t<input id=\"search-2be173a\" placeholder=\"Buscar en el blog\" class=\"e-search-input\" type=\"search\" name=\"s\" value=\"\" autocomplete=\"off\" role=\"combobox\" aria-autocomplete=\"list\" aria-expanded=\"false\" aria-controls=\"results-2be173a\" aria-haspopup=\"listbox\">\n\t\t\t\t\t<svg aria-hidden=\"true\" class=\"e-font-icon-svg e-fas-times\" viewbox=\"0 0 352 512\" xmlns=\"http:\/\/www.w3.org\/2000\/svg\"><path d=\"M242.72 256l100.07-100.07c12.28-12.28 12.28-32.19 0-44.48l-22.24-22.24c-12.28-12.28-32.19-12.28-44.48 0L176 189.28 75.93 89.21c-12.28-12.28-32.19-12.28-44.48 0L9.21 111.45c-12.28 12.28-12.28 32.19 0 44.48L109.28 256 9.21 356.07c-12.28 12.28-12.28 32.19 0 44.48l22.24 22.24c12.28 12.28 32.2 12.28 44.48 0L176 322.72l100.07 100.07c12.28 12.28 32.2 12.28 44.48 0l22.24-22.24c12.28-12.28 12.28-32.19 0-44.48L242.72 256z\"><\/path><\/svg>\t\t\t\t\t\t\t\t\t\t<output id=\"results-2be173a\" class=\"e-search-results-container hide-loader\" aria-live=\"polite\" aria-atomic=\"true\" aria-label=\"Results for search\" tabindex=\"0\">\n\t\t\t\t\t\t<div class=\"e-search-results\"><\/div>\n\t\t\t\t\t\t\t\t\t\t\t<\/output>\n\t\t\t\t\t\t\t\t\t<\/div>\n\t\t\t\t\n\t\t\t\t\n\t\t\t\t<button class=\"e-search-submit elementor-screen-only\" type=\"submit\" aria-label=\"Buscar\">\n\t\t\t\t\t\n\t\t\t\t\t\t\t\t\t<\/button>\n\t\t\t\t<input type=\"hidden\" name=\"e_search_props\" value=\"2be173a-387\">\n\t\t\t<input type=\"hidden\" name=\"trp-form-language\" value=\"esp\"\/><\/form>\n\t\t<\/search>\n\t\t\t\t\t\t<\/div>\n\t\t\t\t<\/div>\n\t\t\t\t<\/div>\n\t\t\t\t<\/div>\n\t\t<div class=\"elementor-element elementor-element-297055f e-flex e-con-boxed e-con e-parent\" data-id=\"297055f\" data-element_type=\"container\" data-settings=\"{&quot;background_background&quot;:&quot;classic&quot;}\">\n\t\t\t\t\t<div class=\"e-con-inner\">\n\t\t<div class=\"elementor-element elementor-element-6cce8cd e-con-full e-flex e-con e-child\" data-id=\"6cce8cd\" data-element_type=\"container\">\n\t\t<div class=\"elementor-element elementor-element-893e8cd e-con-full e-flex e-con e-child\" data-id=\"893e8cd\" data-element_type=\"container\">\n\t\t\t\t<div class=\"elementor-element elementor-element-e7b0240 elementor-widget elementor-widget-image\" data-id=\"e7b0240\" data-element_type=\"widget\" data-widget_type=\"image.default\">\n\t\t\t\t<div class=\"elementor-widget-container\">\n\t\t\t\t\t\t\t\t\t\t\t\t\t\t\t<img fetchpriority=\"high\" decoding=\"async\" width=\"800\" height=\"800\" src=\"https:\/\/ascensus.com.br\/wp-content\/uploads\/2025\/06\/15-book.png\" class=\"attachment-large size-large wp-image-392\" alt=\"\" srcset=\"https:\/\/ascensus.com.br\/wp-content\/uploads\/2025\/06\/15-book.png 1024w, https:\/\/ascensus.com.br\/wp-content\/uploads\/2025\/06\/15-book-300x300.png 300w, https:\/\/ascensus.com.br\/wp-content\/uploads\/2025\/06\/15-book-150x150.png 150w, https:\/\/ascensus.com.br\/wp-content\/uploads\/2025\/06\/15-book-768x768.png 768w\" sizes=\"(max-width: 800px) 100vw, 800px\" \/>\t\t\t\t\t\t\t\t\t\t\t\t\t\t\t<\/div>\n\t\t\t\t<\/div>\n\t\t<div class=\"elementor-element elementor-element-34fc9ab e-con-full e-flex e-con e-child\" data-id=\"34fc9ab\" data-element_type=\"container\">\n\t\t\t\t<div class=\"elementor-element elementor-element-7141114 elementor-widget elementor-widget-heading\" data-id=\"7141114\" data-element_type=\"widget\" data-widget_type=\"heading.default\">\n\t\t\t\t<div class=\"elementor-widget-container\">\n\t\t\t\t\t<h2 class=\"elementor-heading-title elementor-size-default\">[eBook] Guia de Log\u00edstica Internacional\n<\/h2>\t\t\t\t<\/div>\n\t\t\t\t<\/div>\n\t\t\t\t<div class=\"elementor-element elementor-element-23ad44c elementor-widget elementor-widget-text-editor\" data-id=\"23ad44c\" data-element_type=\"widget\" data-widget_type=\"text-editor.default\">\n\t\t\t\t<div class=\"elementor-widget-container\">\n\t\t\t\t\t\t\t\t\t<p data-start=\"861\" data-end=\"946\">Dicas, boas pr\u00e1ticas e exig\u00eancias essenciais para exportar e importar com efici\u00eancia.<\/p>\t\t\t\t\t\t\t\t<\/div>\n\t\t\t\t<\/div>\n\t\t\t\t<div class=\"elementor-element elementor-element-b00daaa elementor-hidden-desktop elementor-hidden-tablet elementor-hidden-mobile elementor-widget elementor-widget-text-editor\" data-id=\"b00daaa\" data-element_type=\"widget\" data-widget_type=\"text-editor.default\">\n\t\t\t\t<div class=\"elementor-widget-container\">\n\t\t\t\t\t\t\t\t\t<p data-start=\"861\" data-end=\"946\">Criar formulario popup para baixar todos os arquivos.<\/p>\t\t\t\t\t\t\t\t<\/div>\n\t\t\t\t<\/div>\n\t\t\t\t<div class=\"elementor-element elementor-element-f56dfe8 elementor-align-left elementor-widget elementor-widget-button\" data-id=\"f56dfe8\" data-element_type=\"widget\" data-widget_type=\"button.default\">\n\t\t\t\t<div class=\"elementor-widget-container\">\n\t\t\t\t\t\t\t\t\t<div class=\"elementor-button-wrapper\">\n\t\t\t\t\t<a class=\"elementor-button elementor-button-link elementor-size-sm\" href=\"\/esp\/fale-conosco\/\">\n\t\t\t\t\t\t<span class=\"elementor-button-content-wrapper\">\n\t\t\t\t\t\t<span class=\"elementor-button-icon\">\n\t\t\t\t<svg aria-hidden=\"true\" class=\"e-font-icon-svg e-fas-arrow-alt-circle-down\" viewbox=\"0 0 512 512\" xmlns=\"http:\/\/www.w3.org\/2000\/svg\"><path d=\"M504 256c0 137-111 248-248 248S8 393 8 256 119 8 256 8s248 111 248 248zM212 140v116h-70.9c-10.7 0-16.1 13-8.5 20.5l114.9 114.3c4.7 4.7 12.2 4.7 16.9 0l114.9-114.3c7.6-7.6 2.2-20.5-8.5-20.5H300V140c0-6.6-5.4-12-12-12h-64c-6.6 0-12 5.4-12 12z\"><\/path><\/svg>\t\t\t<\/span>\n\t\t\t\t\t\t\t\t\t<span class=\"elementor-button-text\">Baixar Agora<\/span>\n\t\t\t\t\t<\/span>\n\t\t\t\t\t<\/a>\n\t\t\t\t<\/div>\n\t\t\t\t\t\t\t\t<\/div>\n\t\t\t\t<\/div>\n\t\t\t\t<\/div>\n\t\t\t\t<\/div>\n\t\t<div class=\"elementor-element elementor-element-680ec27 e-con-full e-flex e-con e-child\" data-id=\"680ec27\" data-element_type=\"container\">\n\t\t<div class=\"elementor-element elementor-element-8c6e879 e-con-full e-flex e-con e-child\" data-id=\"8c6e879\" data-element_type=\"container\">\n\t\t\t\t<\/div>\n\t\t\t\t<\/div>\n\t\t<div class=\"elementor-element elementor-element-29b5f29 e-con-full e-flex e-con e-child\" data-id=\"29b5f29\" data-element_type=\"container\">\n\t\t<div class=\"elementor-element elementor-element-06dbe71 e-con-full e-flex e-con e-child\" data-id=\"06dbe71\" data-element_type=\"container\">\n\t\t\t\t<\/div>\n\t\t\t\t<\/div>\n\t\t\t\t<\/div>\n\t\t\t\t\t<\/div>\n\t\t\t\t<\/div>\n\t\t\t\t<\/div>","protected":false},"excerpt":{"rendered":"<p>MATERIAIS Aprofunde seu conhecimento com nossos materiais exclusivos. Fa\u00e7a o download gratuito dos nossos e-books, infogr\u00e1ficos e apresenta\u00e7\u00f5es. Blog Imprensa Materiais Search [eBook] Guia de Log\u00edstica Internacional Dicas, boas pr\u00e1ticas e exig\u00eancias essenciais para exportar e importar com efici\u00eancia. Criar formulario popup para baixar todos os arquivos. Baixar Agora<\/p>","protected":false},"author":3,"featured_media":0,"parent":0,"menu_order":0,"comment_status":"closed","ping_status":"closed","template":"elementor_header_footer","meta":{"_joinchat":[],"footnotes":""},"class_list":["post-387","page","type-page","status-publish","hentry"],"_links":{"self":[{"href":"https:\/\/ascensus.com.br\/esp\/wp-json\/wp\/v2\/pages\/387","targetHints":{"allow":["GET"]}}],"collection":[{"href":"https:\/\/ascensus.com.br\/esp\/wp-json\/wp\/v2\/pages"}],"about":[{"href":"https:\/\/ascensus.com.br\/esp\/wp-json\/wp\/v2\/types\/page"}],"author":[{"embeddable":true,"href":"https:\/\/ascensus.com.br\/esp\/wp-json\/wp\/v2\/users\/3"}],"replies":[{"embeddable":true,"href":"https:\/\/ascensus.com.br\/esp\/wp-json\/wp\/v2\/comments?post=387"}],"version-history":[{"count":31,"href":"https:\/\/ascensus.com.br\/esp\/wp-json\/wp\/v2\/pages\/387\/revisions"}],"predecessor-version":[{"id":2130,"href":"https:\/\/ascensus.com.br\/esp\/wp-json\/wp\/v2\/pages\/387\/revisions\/2130"}],"wp:attachment":[{"href":"https:\/\/ascensus.com.br\/esp\/wp-json\/wp\/v2\/media?parent=387"}],"curies":[{"name":"wp","href":"https:\/\/api.w.org\/{rel}","templated":true}]}}