{"id":428,"date":"2025-06-22T19:24:09","date_gmt":"2025-06-22T19:24:09","guid":{"rendered":"https:\/\/ascensus.com.br\/?page_id=428"},"modified":"2025-08-01T19:26:07","modified_gmt":"2025-08-01T19:26:07","slug":"ouvidoria","status":"publish","type":"page","link":"https:\/\/ascensus.com.br\/chn\/ouvidoria\/","title":{"rendered":"\u76d1\u5bdf\u5458"},"content":{"rendered":"<div data-elementor-type=\"wp-page\" data-elementor-id=\"428\" class=\"elementor elementor-428\" data-elementor-post-type=\"page\">\n\t\t\t\t<div class=\"elementor-element elementor-element-04ed54f e-flex e-con-boxed e-con e-parent\" data-id=\"04ed54f\" data-element_type=\"container\" data-settings=\"{&quot;background_background&quot;:&quot;classic&quot;,&quot;background_motion_fx_motion_fx_scrolling&quot;:&quot;yes&quot;,&quot;background_motion_fx_devices&quot;:[&quot;desktop&quot;,&quot;tablet&quot;,&quot;mobile&quot;]}\">\n\t\t\t\t\t<div class=\"e-con-inner\">\n\t\t\t\t<div class=\"elementor-element elementor-element-b606be9 elementor-widget elementor-widget-spacer\" data-id=\"b606be9\" data-element_type=\"widget\" data-widget_type=\"spacer.default\">\n\t\t\t\t<div class=\"elementor-widget-container\">\n\t\t\t\t\t\t\t<div class=\"elementor-spacer\">\n\t\t\t<div class=\"elementor-spacer-inner\"><\/div>\n\t\t<\/div>\n\t\t\t\t\t\t<\/div>\n\t\t\t\t<\/div>\n\t\t<div class=\"elementor-element elementor-element-f69d008 e-con-full e-flex e-con e-child\" data-id=\"f69d008\" data-element_type=\"container\">\n\t\t<div class=\"elementor-element elementor-element-d57e6f2 e-con-full e-flex e-con e-child\" data-id=\"d57e6f2\" data-element_type=\"container\">\n\t\t\t\t<div class=\"elementor-element elementor-element-64c2688 elementor-widget elementor-widget-heading\" data-id=\"64c2688\" data-element_type=\"widget\" data-widget_type=\"heading.default\">\n\t\t\t\t<div class=\"elementor-widget-container\">\n\t\t\t\t\t<h2 class=\"elementor-heading-title elementor-size-default\">\u8046\u8a0a<\/h2>\t\t\t\t<\/div>\n\t\t\t\t<\/div>\n\t\t\t\t<\/div>\n\t\t\t\t<\/div>\n\t\t\t\t\t<\/div>\n\t\t\t\t<\/div>\n\t\t<div class=\"elementor-element elementor-element-ffc099a e-flex e-con-boxed e-con e-parent\" data-id=\"ffc099a\" data-element_type=\"container\" data-settings=\"{&quot;background_background&quot;:&quot;classic&quot;}\">\n\t\t\t\t\t<div class=\"e-con-inner\">\n\t\t<div class=\"elementor-element elementor-element-fd005dc e-con-full e-flex e-con e-child\" data-id=\"fd005dc\" data-element_type=\"container\">\n\t\t<div class=\"elementor-element elementor-element-db9903c e-con-full e-flex e-con e-child\" data-id=\"db9903c\" data-element_type=\"container\">\n\t\t\t\t<div class=\"elementor-element elementor-element-0af3bb9 elementor-widget__width-initial elementor-widget elementor-widget-text-editor\" data-id=\"0af3bb9\" data-element_type=\"widget\" data-widget_type=\"text-editor.default\">\n\t\t\t\t<div class=\"elementor-widget-container\">\n\t\t\t\t\t\t\t\t\t<p>\u672c\u983b\u9053\u81f4\u529b\u65bc\u8046\u807d\u60a8\u7684\u8072\u97f3\u3002\u8acb\u5c07\u60a8\u7684\u554f\u984c\u3001\u8b9a\u7f8e\u3001\u5efa\u8b70\u6216\u6295\u8a34\u50b3\u9001\u7d66\u6211\u5011\uff0c\u6211\u5011\u6703\u76e1\u5feb\u56de\u8986\u60a8\u3002<\/p>\t\t\t\t\t\t\t\t<\/div>\n\t\t\t\t<\/div>\n\t\t\t\t<\/div>\n\t\t\t\t<\/div>\n\t\t<div class=\"elementor-element elementor-element-ae70904 e-con-full e-flex e-con e-child\" data-id=\"ae70904\" data-element_type=\"container\">\n\t\t<div class=\"elementor-element elementor-element-4029a33 e-con-full e-flex e-con e-child\" data-id=\"4029a33\" data-element_type=\"container\">\n\t\t\t\t<div class=\"elementor-element elementor-element-af9ab28 elementor-hidden-desktop elementor-hidden-tablet elementor-widget elementor-widget-image\" data-id=\"af9ab28\" data-element_type=\"widget\" data-widget_type=\"image.default\">\n\t\t\t\t<div class=\"elementor-widget-container\">\n\t\t\t\t\t\t\t\t\t\t\t\t\t\t\t<img fetchpriority=\"high\" decoding=\"async\" width=\"800\" height=\"800\" src=\"https:\/\/ascensus.com.br\/wp-content\/uploads\/2025\/08\/OIUFKE0-1024x1024.jpg\" class=\"attachment-large size-large wp-image-3242\" alt=\"\" srcset=\"https:\/\/ascensus.com.br\/wp-content\/uploads\/2025\/08\/OIUFKE0-1024x1024.jpg 1024w, https:\/\/ascensus.com.br\/wp-content\/uploads\/2025\/08\/OIUFKE0-300x300.jpg 300w, https:\/\/ascensus.com.br\/wp-content\/uploads\/2025\/08\/OIUFKE0-150x150.jpg 150w, https:\/\/ascensus.com.br\/wp-content\/uploads\/2025\/08\/OIUFKE0-768x768.jpg 768w, https:\/\/ascensus.com.br\/wp-content\/uploads\/2025\/08\/OIUFKE0-1536x1536.jpg 1536w, https:\/\/ascensus.com.br\/wp-content\/uploads\/2025\/08\/OIUFKE0-2048x2048.jpg 2048w, https:\/\/ascensus.com.br\/wp-content\/uploads\/2025\/08\/OIUFKE0-12x12.jpg 12w\" sizes=\"(max-width: 800px) 100vw, 800px\" \/>\t\t\t\t\t\t\t\t\t\t\t\t\t\t\t<\/div>\n\t\t\t\t<\/div>\n\t\t\t\t<div class=\"elementor-element elementor-element-5dab0f6 elementor-view-default elementor-widget elementor-widget-icon\" data-id=\"5dab0f6\" data-element_type=\"widget\" data-widget_type=\"icon.default\">\n\t\t\t\t<div class=\"elementor-widget-container\">\n\t\t\t\t\t\t\t<div class=\"elementor-icon-wrapper\">\n\t\t\t<div class=\"elementor-icon\">\n\t\t\t<svg xmlns=\"http:\/\/www.w3.org\/2000\/svg\" xmlns:xlink=\"http:\/\/www.w3.org\/1999\/xlink\" id=\"Capa_1\" x=\"0px\" y=\"0px\" viewbox=\"0 0 511.999 511.999\" style=\"enable-background:new 0 0 511.999 511.999;\" xml:space=\"preserve\"><g>\t<g>\t\t<path d=\"M467.069,212.578L267.381,12.861c-11.777-11.748-30.828-11.609-42.451-0.015c-11.689,11.719-11.689,30.747,0,42.451   L424.647,255c11.7,11.7,30.721,11.7,42.422,0C478.801,243.268,478.801,224.308,467.069,212.578z\"><\/path>\t<\/g><\/g><g>\t<g>\t\t<path d=\"M210.115,82.905l-1.503,7.534c-10.587,52.958-36.317,103.269-71.118,144.046l108.647,108.647   c40.772-34.794,90.39-61.215,143.35-71.815l7.548-1.503L210.115,82.905z\"><\/path>\t<\/g><\/g><g>\t<g>\t\t<path d=\"M117.575,256.989l-74.253,74.238c-17.545,17.545-17.618,46.029,0,63.647l42.422,42.422   c17.545,17.545,46.029,17.617,63.647,0l74.246-74.246L117.575,256.989z M128.181,373.664c-5.859,5.859-15.352,5.859-21.211,0   c-5.859-5.859-5.859-15.352,0-21.211l21.211-21.211c5.859-5.859,15.352-5.859,21.211,0c5.859,5.859,5.859,15.352,0,21.211   L128.181,373.664z\"><\/path>\t<\/g><\/g><g>\t<g>\t\t<path d=\"M286.266,445.278l20.405-20.405c17.619-17.616,17.561-46.1,0.001-63.631l-15.156-15.167   c-8.377,5.627-16.377,11.741-24.155,18.265l18.1,18.127c5.845,5.815,5.886,15.279,0,21.196l-20.742,20.742l-30.482-29.533   l-42.424,42.424l68.057,65.947c11.614,11.644,30.683,11.71,42.407-0.015c11.704-11.704,11.704-30.732,0-42.437L286.266,445.278z\"><\/path>\t<\/g><\/g><g>\t<g>\t\t<path d=\"M346.864,0c-8.291,0-15,6.709-15,15v30c0,8.291,6.709,15,15,15c8.291,0,15-6.709,15-15V15   C361.864,6.709,355.155,0,346.864,0z\"><\/path>\t<\/g><\/g><g>\t<g>\t\t<path d=\"M466.864,120h-30c-8.291,0-15,6.709-15,15s6.709,15,15,15h30c8.291,0,15-6.709,15-15S475.155,120,466.864,120z\"><\/path>\t<\/g><\/g><g>\t<g>\t\t<path d=\"M447.469,34.394c-5.859-5.859-15.352-5.859-21.211,0l-30,30c-5.859,5.859-5.859,15.352,0,21.211s15.352,5.86,21.211,0   l30-30C453.328,49.746,453.328,40.253,447.469,34.394z\"><\/path>\t<\/g><\/g><g><\/g><g><\/g><g><\/g><g><\/g><g><\/g><g><\/g><g><\/g><g><\/g><g><\/g><g><\/g><g><\/g><g><\/g><g><\/g><g><\/g><g><\/g><\/svg>\t\t\t<\/div>\n\t\t<\/div>\n\t\t\t\t\t\t<\/div>\n\t\t\t\t<\/div>\n\t\t\t\t<div class=\"elementor-element elementor-element-83ab40e elementor-widget elementor-widget-heading\" data-id=\"83ab40e\" data-element_type=\"widget\" data-widget_type=\"heading.default\">\n\t\t\t\t<div class=\"elementor-widget-container\">\n\t\t\t\t\t<h2 class=\"elementor-heading-title elementor-size-default\">\u5982\u4f55\u904b\u4f5c<\/h2>\t\t\t\t<\/div>\n\t\t\t\t<\/div>\n\t\t\t\t<div class=\"elementor-element elementor-element-b20a90e elementor-widget elementor-widget-text-editor\" data-id=\"b20a90e\" data-element_type=\"widget\" data-widget_type=\"text-editor.default\">\n\t\t\t\t<div class=\"elementor-widget-container\">\n\t\t\t\t\t\t\t\t\t<p>Ascensus \u96c6\u5718\u7533\u8a34\u5c08\u54e1\u6e20\u9053\u662f\u60a8\u8207\u6211\u5011\u806f\u7e6b\u7684\u9014\u5f91\uff0c\u60a8\u53ef\u4ee5\u5411\u6211\u5011\u63d0\u51fa\u554f\u984c\u3001\u5efa\u8b70\u3001\u8b9a\u7f8e\u6216\u6295\u8a34\u3002<\/p><p>\u6211\u5011\u6703\u8a55\u4f30\u60a8\u7684\u8a0a\u606f\uff0c\u4e26\u5118\u5feb\u56de\u8986\u60a8\u3002<\/p>\t\t\t\t\t\t\t\t<\/div>\n\t\t\t\t<\/div>\n\t\t\t\t<div class=\"elementor-element elementor-element-1195d4d elementor-button-align-stretch elementor-widget elementor-widget-form\" data-id=\"1195d4d\" data-element_type=\"widget\" data-settings=\"{&quot;step_next_label&quot;:&quot;Next&quot;,&quot;step_previous_label&quot;:&quot;Previous&quot;,&quot;button_width&quot;:&quot;100&quot;,&quot;step_type&quot;:&quot;number_text&quot;,&quot;step_icon_shape&quot;:&quot;circle&quot;}\" data-widget_type=\"form.default\">\n\t\t\t\t<div class=\"elementor-widget-container\">\n\t\t\t\t\t\t\t<form class=\"elementor-form\" method=\"post\" name=\"New Form\" action=\"\">\n\t\t\t<input type=\"hidden\" name=\"post_id\" value=\"428\"\/>\n\t\t\t<input type=\"hidden\" name=\"form_id\" value=\"1195d4d\"\/>\n\t\t\t<input type=\"hidden\" name=\"referer_title\" value=\"Ouvidoria\" \/>\n\n\t\t\t\t\t\t\t<input type=\"hidden\" name=\"queried_id\" value=\"428\"\/>\n\t\t\t\n\t\t\t<div class=\"elementor-form-fields-wrapper elementor-labels-above\">\n\t\t\t\t\t\t\t\t<div class=\"elementor-field-type-acceptance elementor-field-group elementor-column elementor-field-group-message elementor-col-100 elementor-field-required\">\n\t\t\t\t\t\t\t<div class=\"elementor-field-subgroup\">\n\t\t\t<span class=\"elementor-field-option\">\n\t\t\t\t<input type=\"checkbox\" name=\"form_fields[message]\" id=\"form-field-message\" class=\"elementor-field elementor-size-sm  elementor-acceptance-field\" required=\"required\">\n\t\t\t\t<label for=\"form-field-message\">\u6211\u8072\u660e\u6211\u540c\u610f <b><u><a style=\"color:#5B8ED1\" href=\"https:\/\/drive.google.com\/file\/d\/1plR1XfObYbUNqx_PF6agdFv7kEzADHIb\/view?usp=sharing\">\u96b1\u79c1\u6b0a\u653f\u7b56\u3002<\/a><\/b><\/u><\/label>\t\t\t<\/span>\n\t\t<\/div>\n\t\t\t\t\t\t<\/div>\n\t\t\t\t\t\t\t\t<div class=\"elementor-field-group elementor-column elementor-field-type-submit elementor-col-100 e-form__buttons\">\n\t\t\t\t\t<button class=\"elementor-button elementor-size-sm\" type=\"submit\">\n\t\t\t\t\t\t<span class=\"elementor-button-content-wrapper\">\n\t\t\t\t\t\t\t\t\t\t\t\t\t\t\t\t\t\t\t\t\t\t<span class=\"elementor-button-text\">\u50b3\u9001\u5230\u9019\u88e1<\/span>\n\t\t\t\t\t\t\t\t\t\t\t\t\t<\/span>\n\t\t\t\t\t<\/button>\n\t\t\t\t<\/div>\n\t\t\t<\/div>\n\t\t<input type=\"hidden\" name=\"trp-form-language\" value=\"chn\"\/><\/form>\n\t\t\t\t\t\t<\/div>\n\t\t\t\t<\/div>\n\t\t\t\t<\/div>\n\t\t<div class=\"elementor-element elementor-element-662bab8 e-con-full e-flex e-con e-child\" data-id=\"662bab8\" data-element_type=\"container\">\n\t\t\t\t<div class=\"elementor-element elementor-element-023170e elementor-hidden-mobile elementor-widget elementor-widget-image\" data-id=\"023170e\" data-element_type=\"widget\" data-widget_type=\"image.default\">\n\t\t\t\t<div class=\"elementor-widget-container\">\n\t\t\t\t\t\t\t\t\t\t\t\t\t\t\t<img fetchpriority=\"high\" decoding=\"async\" width=\"800\" height=\"800\" src=\"https:\/\/ascensus.com.br\/wp-content\/uploads\/2025\/08\/OIUFKE0-1024x1024.jpg\" class=\"attachment-large size-large wp-image-3242\" alt=\"\" srcset=\"https:\/\/ascensus.com.br\/wp-content\/uploads\/2025\/08\/OIUFKE0-1024x1024.jpg 1024w, https:\/\/ascensus.com.br\/wp-content\/uploads\/2025\/08\/OIUFKE0-300x300.jpg 300w, https:\/\/ascensus.com.br\/wp-content\/uploads\/2025\/08\/OIUFKE0-150x150.jpg 150w, https:\/\/ascensus.com.br\/wp-content\/uploads\/2025\/08\/OIUFKE0-768x768.jpg 768w, https:\/\/ascensus.com.br\/wp-content\/uploads\/2025\/08\/OIUFKE0-1536x1536.jpg 1536w, https:\/\/ascensus.com.br\/wp-content\/uploads\/2025\/08\/OIUFKE0-2048x2048.jpg 2048w, https:\/\/ascensus.com.br\/wp-content\/uploads\/2025\/08\/OIUFKE0-12x12.jpg 12w\" sizes=\"(max-width: 800px) 100vw, 800px\" \/>\t\t\t\t\t\t\t\t\t\t\t\t\t\t\t<\/div>\n\t\t\t\t<\/div>\n\t\t\t\t<\/div>\n\t\t\t\t<\/div>\n\t\t\t\t<div class=\"elementor-element elementor-element-6e85161 elementor-widget elementor-widget-spacer\" data-id=\"6e85161\" data-element_type=\"widget\" data-widget_type=\"spacer.default\">\n\t\t\t\t<div class=\"elementor-widget-container\">\n\t\t\t\t\t\t\t<div class=\"elementor-spacer\">\n\t\t\t<div class=\"elementor-spacer-inner\"><\/div>\n\t\t<\/div>\n\t\t\t\t\t\t<\/div>\n\t\t\t\t<\/div>\n\t\t\t\t\t<\/div>\n\t\t\t\t<\/div>\n\t\t\t\t<\/div>","protected":false},"excerpt":{"rendered":"<p>OUVIDORIA Este canal \u00e9 dedicado a ouvir voc\u00ea. Mande sua d\u00favida, elogio, sugest\u00f5es ou reclama\u00e7\u00f5es, e iremos atende-lo o mais breve poss\u00edvel. Como Funciona O canal de ouvidoria do Ascensus Group \u00e9 o seu ponto de contato conosco para enviar d\u00favidas, sugest\u00f5es, elogios ou reclama\u00e7\u00f5es. Avaliaremos sua mensagem e entraremos em contato o mais breve [&hellip;]<\/p>","protected":false},"author":3,"featured_media":0,"parent":0,"menu_order":0,"comment_status":"closed","ping_status":"closed","template":"elementor_header_footer","meta":{"_joinchat":[],"footnotes":""},"class_list":["post-428","page","type-page","status-publish","hentry"],"_links":{"self":[{"href":"https:\/\/ascensus.com.br\/chn\/wp-json\/wp\/v2\/pages\/428","targetHints":{"allow":["GET"]}}],"collection":[{"href":"https:\/\/ascensus.com.br\/chn\/wp-json\/wp\/v2\/pages"}],"about":[{"href":"https:\/\/ascensus.com.br\/chn\/wp-json\/wp\/v2\/types\/page"}],"author":[{"embeddable":true,"href":"https:\/\/ascensus.com.br\/chn\/wp-json\/wp\/v2\/users\/3"}],"replies":[{"embeddable":true,"href":"https:\/\/ascensus.com.br\/chn\/wp-json\/wp\/v2\/comments?post=428"}],"version-history":[{"count":76,"href":"https:\/\/ascensus.com.br\/chn\/wp-json\/wp\/v2\/pages\/428\/revisions"}],"predecessor-version":[{"id":3419,"href":"https:\/\/ascensus.com.br\/chn\/wp-json\/wp\/v2\/pages\/428\/revisions\/3419"}],"wp:attachment":[{"href":"https:\/\/ascensus.com.br\/chn\/wp-json\/wp\/v2\/media?parent=428"}],"curies":[{"name":"wp","href":"https:\/\/api.w.org\/{rel}","templated":true}]}}